{"id":8,"date":"2026-03-31T09:13:14","date_gmt":"2026-03-31T07:13:14","guid":{"rendered":"http:\/\/urputnej.com\/?page_id=8"},"modified":"2026-04-02T14:12:01","modified_gmt":"2026-04-02T12:12:01","slug":"domovska-stranka","status":"publish","type":"page","link":"https:\/\/urputnej.com\/","title":{"rendered":"Domovsk\u00e1 str\u00e1nka"},"content":{"rendered":"\r\n<section class=\"hero\">\r\n            <div class=\"hero__bg\" style=\"background-image: url('https:\/\/urputnej.com\/wp-content\/uploads\/2026\/03\/What_Is_Car_Tuning.webp');\" role=\"img\" aria-label=\"\"><\/div>\r\n        <div class=\"hero__overlay\"><\/div>\r\n\r\n    <div class=\"hero__container\">\r\n        <div class=\"hero__content\">\r\n            <h1 class=\"hero__title\">Urputnej<\/h1>\r\n\r\n                            <p class=\"hero__subtitle\">V\u00fdroba \u0159ezan\u00fdch samolepek, reklamn\u00edch i designov\u00fdch polep\u016f, v\u00fdroba celonerezov\u00fdch v\u00fdfuk\u016f na zak\u00e1zku<\/p>\r\n            \r\n                            <div class=\"hero__actions\">\r\n                                            <a href=\"https:\/\/urputnej.com\/?page_id=71\"\r\n                           class=\"hero__btn hero__btn--primary\"\r\n                           target=\"_self\">\r\n                            M\u00e1m z\u00e1jem                            <span class=\"hero__btn-arrow\">&rarr;<\/span>\r\n                        <\/a>\r\n                    \r\n                                            <a href=\"#about-me\"\r\n                           class=\"hero__btn hero__btn--outline\"\r\n                           target=\"_self\">\r\n                            O mn\u011b                        <\/a>\r\n                                    <\/div>\r\n                    <\/div>\r\n    <\/div>\r\n<\/section>\r\n\n\n\n<section class=\"services\">\n    <div class=\"services__container\">\n        <div class=\"services__header\">\n            <h2 class=\"services__title\">Slu\u017eby<\/h2>\n                            <p class=\"services__subtitle\">Slu\u017eby, kter\u00e9 nab\u00edz\u00edm<\/p>\n                    <\/div>\n\n                    <div class=\"services__grid\">\n                                    <div class=\"services__card\">\n                                                    <div class=\"services__card-icon\">\n                                <i class=\"ti ti-mood-smile-beam\"><\/i>\n                            <\/div>\n                        \n                        <h3 class=\"services__card-title\">V\u00fdroba samolepek<\/h3>\n\n                                                    <p class=\"services__card-desc\">Lorem Ipsum is simply dummy text of the printing and typesetting industry. Lorem Ipsum has been the industry&#039;s standard dummy text ever since the 1500s, when an unknown printer took a galley of type and scrambled it to<\/p>\n                                            <\/div>\n                                    <div class=\"services__card\">\n                                                    <div class=\"services__card-icon\">\n                                <i class=\"ti ti-car\"><\/i>\n                            <\/div>\n                        \n                        <h3 class=\"services__card-title\">Chip tuning<\/h3>\n\n                                                    <p class=\"services__card-desc\">Lorem Ipsum is simply dummy text of the printing and typesetting industry. Lorem Ipsum has been the industry&#039;s standard dummy text ever since the 1500s, when an unknown printer took a galley of type and scrambled it to<\/p>\n                                            <\/div>\n                                    <div class=\"services__card\">\n                                                    <div class=\"services__card-icon\">\n                                <i class=\"ti ti-car-garage\"><\/i>\n                            <\/div>\n                        \n                        <h3 class=\"services__card-title\">Polep aut<\/h3>\n\n                                                    <p class=\"services__card-desc\">Lorem Ipsum is simply dummy text of the printing and typesetting industry. Lorem Ipsum has been the industry&#039;s standard dummy text ever since the 1500s, when an unknown printer took a galley of type and scrambled it to<\/p>\n                                            <\/div>\n                            <\/div>\n            <\/div>\n<\/section>\n\n\n\n<section class=\"pricing\">\n    <div class=\"pricing__container\">\n        <div class=\"pricing__header\">\n            <h2 class=\"pricing__title\">Z\u00e1kladn\u00ed cen\u00edk<\/h2>\n                    <\/div>\n\n                    <div class=\"pricing__table\">\n                                    <div class=\"pricing__row\">\n                        <div class=\"pricing__row-info\">\n                            <h3 class=\"pricing__row-name\">Instagramovky<\/h3>\n                                                    <\/div>\n                        <div class=\"pricing__row-line\"><\/div>\n                        <div class=\"pricing__row-price\">od 150 K\u010d<\/div>\n                    <\/div>\n                                    <div class=\"pricing__row\">\n                        <div class=\"pricing__row-info\">\n                            <h3 class=\"pricing__row-name\">Reklamn\u00ed polepy<\/h3>\n                                                    <\/div>\n                        <div class=\"pricing__row-line\"><\/div>\n                        <div class=\"pricing__row-price\">od 300 K\u010d <\/div>\n                    <\/div>\n                                    <div class=\"pricing__row\">\n                        <div class=\"pricing__row-info\">\n                            <h3 class=\"pricing__row-name\">Polep aut<\/h3>\n                                                    <\/div>\n                        <div class=\"pricing__row-line\"><\/div>\n                        <div class=\"pricing__row-price\">od 2 000 K\u010d<\/div>\n                    <\/div>\n                                    <div class=\"pricing__row\">\n                        <div class=\"pricing__row-info\">\n                            <h3 class=\"pricing__row-name\">Drobn\u00e9 sva\u0159ov\u00e1n\u00ed TIG<\/h3>\n                                                    <\/div>\n                        <div class=\"pricing__row-line\"><\/div>\n                        <div class=\"pricing__row-price\">od 1 000 K\u010d<\/div>\n                    <\/div>\n                                    <div class=\"pricing__row\">\n                        <div class=\"pricing__row-info\">\n                            <h3 class=\"pricing__row-name\">Celonerezov\u00fd v\u00fdfuk<\/h3>\n                                                    <\/div>\n                        <div class=\"pricing__row-line\"><\/div>\n                        <div class=\"pricing__row-price\">od 7 000 K\u010d<\/div>\n                    <\/div>\n                            <\/div>\n        \n                    <p class=\"pricing__note\">Ceny se mohou li\u0161it na z\u00e1klad\u011b specifick\u00fdch po\u017eadavk\u016f<\/p>\n            <\/div>\n<\/section>\n\n\n\r\n<section class=\"about\">\r\n    <div class=\"about__container\">\r\n        <div class=\"about__text\">\r\n                            <h2 class=\"about__title\">O mn\u011b<\/h2>\r\n            \r\n                            <div class=\"about__content\">\r\n                    <p><b>V\u00fdrobou \u0159ezan\u00fdch samolepek se zab\u00fdv\u00e1m p\u0159es 6 let.<\/b><\/p>\n<p>Jestli jsi aut\u00ed\u010dk\u00e1\u0159 co chce jen p\u00e1r drobn\u00fdch samolepek nebo polep na celej bok tak se\u0161 tady spr\u00e1vn\u011b!<\/p>\n<p>Pokud jsi kamio\u0148\u00e1k a pot\u0159ebuje\u0161 vyrobit polep na kozla nebo ho i nalepit tak to je pro m\u011b taky brnka\u010dka.<\/p>\n<p>V p\u0159\u00edpad\u011b \u017ee toho chce\u0161 vyrobit v\u00edc tak jsem ochotn\u00fd za tebou p\u0159ijet i s plotrem a ud\u011blat v\u0161e na m\u00edru u tebe doma. Na druhou stranu pokud jde o osob\u00e1k a jsi z okol\u00ed T\u0159eb\u00ed\u010de, tak se d\u00e1 v\u0161e ud\u011blat p\u0159\u00edmo u m\u011b v T\u0159eb\u00ed\u010di.<\/p>\n<p>&nbsp;<\/p>\n<p>Nev\u00e1hej m\u011b kontaktovat!<\/p>\n                <\/div>\r\n                    <\/div>\r\n\r\n                    <div class=\"about__visual\">\r\n                <div class=\"about__frame\">\r\n                    <img decoding=\"async\" src=\"https:\/\/urputnej.com\/wp-content\/uploads\/2026\/03\/Screenshot-2025-09-04-at-12.25.08.webp\"\r\n                         alt=\"\"\r\n                         class=\"about__img\">\r\n                <\/div>\r\n            <\/div>\r\n            <\/div>\r\n<\/section>\r\n\n\n\r\n<section class=\"text-full\">\r\n    <div class=\"text-full__container\">\r\n                    <h2 class=\"text-full__title\">Textov\u00fd blok  1 &#8211; uk\u00e1zka<\/h2>\r\n        \r\n                    <div class=\"text-full__content\">\r\n                <p><strong>Lorem Ipsum<\/strong>\u00a0is simply dummy text of the printing and typesetting industry. Lorem Ipsum has been the industry&#8217;s standard dummy text ever since the 1500s, when an unknown printer took a galley of type and scrambled it to make a type specimen book. It has survived not only five centuries, but also the leap into electronic typesetting, remaining essentially unchanged. It was popularised in the 1960s with the release of Letraset sheets containing Lorem Ipsum passages, and more recently with desktop publishing software like Aldus PageMaker including versions of Lorem Ipsum.<\/p>\n            <\/div>\r\n            <\/div>\r\n<\/section>\r\n\n\n\r\n<section class=\"text-cols\">\r\n    <div class=\"text-cols__container\">\r\n                    <h2 class=\"text-cols__title\">Textov\u00fd blok 2<\/h2>\r\n        \r\n        <div class=\"text-cols__grid\">\r\n            <div class=\"text-cols__col\">\r\n                                    <div class=\"text-cols__content\"><p><strong>Lorem Ipsum<\/strong>\u00a0is simply dummy text of the printing and typesetting industry. Lorem Ipsum has been the industry&#8217;s standard dummy text ever since the 1500s, when an unknown printer took a galley of type and scrambled it to make a type specimen book. It has survived not only five centuries, but also the leap into electronic typesetting, remaining essentially unchanged. It was popularised in the 1960s with the release of Letraset sheets containing Lorem Ipsum passages, and more recently with desktop publishing software like Aldus PageMaker including versions of Lorem Ipsum.<\/p>\n<\/div>\r\n                            <\/div>\r\n\r\n            <div class=\"text-cols__col\">\r\n                                    <div class=\"text-cols__content\"><p><strong>Lorem Ipsum<\/strong>\u00a0is simply dummy text of the printing and typesetting industry. Lorem Ipsum has been the industry&#8217;s standard dummy text ever since the 1500s, when an unknown printer took a galley of type and scrambled it to make a type specimen book. It has survived not only five centuries, but also the leap into electronic typesetting, remaining essentially unchanged. It was popularised in the 1960s with the release of Letraset sheets containing Lorem Ipsum passages, and more recently with desktop publishing software like Aldus PageMaker including versions of Lorem Ipsum.<\/p>\n<\/div>\r\n                            <\/div>\r\n        <\/div>\r\n    <\/div>\r\n<\/section>\r\n\n\n\r\n<section class=\"contact\">\r\n    <div class=\"contact__container\">\r\n        <h2 class=\"contact__heading\">Kontakt<\/h2>\r\n\r\n        <div class=\"contact__grid\">\r\n                            <a href=\"tel:+420XXXXXXXXXX\" class=\"contact__card\">\r\n                    <div class=\"contact__card-icon\">\r\n                        <i class=\"ti ti-phone\"><\/i>\r\n                    <\/div>\r\n                    <h3 class=\"contact__card-title\">Telefon<\/h3>\r\n                    <p class=\"contact__card-value\">+420 XXX XXX XXXX<\/p>\r\n                <\/a>\r\n            \r\n                            <a href=\"mailto:info@urputnej.com\" class=\"contact__card\">\r\n                    <div class=\"contact__card-icon\">\r\n                        <i class=\"ti ti-mail\"><\/i>\r\n                    <\/div>\r\n                    <h3 class=\"contact__card-title\">Email<\/h3>\r\n                    <p class=\"contact__card-value\">info@urputnej.com<\/p>\r\n                <\/a>\r\n            \r\n                                            <a href=\"https:\/\/wa.me\/420\" class=\"contact__card\" target=\"_blank\" rel=\"noopener noreferrer\">\r\n                    <div class=\"contact__card-icon contact__card-icon--whatsapp\">\r\n                        <i class=\"ti ti-brand-whatsapp\"><\/i>\r\n                    <\/div>\r\n                    <h3 class=\"contact__card-title\">WhatsApp<\/h3>\r\n                    <p class=\"contact__card-value\">+420 XXX XXX XXXX<\/p>\r\n                <\/a>\r\n            \r\n                            <a href=\"https:\/\/www.instagram.com\/urputnej?igsh=MWd5ZHEzeGxhMWg3&#038;utm_source=qr\" class=\"contact__card\" target=\"_blank\" rel=\"noopener noreferrer\">\r\n                    <div class=\"contact__card-icon contact__card-icon--instagram\">\r\n                        <i class=\"ti ti-brand-instagram\"><\/i>\r\n                    <\/div>\r\n                    <h3 class=\"contact__card-title\">Instagram<\/h3>\r\n                    <p class=\"contact__card-value\">Sleduj m\u011b<\/p>\r\n                <\/a>\r\n                    <\/div>\r\n    <\/div>\r\n<\/section>\r\n\n\n\n<p><\/p>\n","protected":false},"excerpt":{"rendered":"","protected":false},"author":1,"featured_media":0,"parent":0,"menu_order":0,"comment_status":"closed","ping_status":"closed","template":"","meta":{"_acf_changed":false,"footnotes":""},"class_list":["post-8","page","type-page","status-publish","hentry"],"acf":[],"jetpack_sharing_enabled":true,"_links":{"self":[{"href":"https:\/\/urputnej.com\/index.php?rest_route=\/wp\/v2\/pages\/8","targetHints":{"allow":["GET"]}}],"collection":[{"href":"https:\/\/urputnej.com\/index.php?rest_route=\/wp\/v2\/pages"}],"about":[{"href":"https:\/\/urputnej.com\/index.php?rest_route=\/wp\/v2\/types\/page"}],"author":[{"embeddable":true,"href":"https:\/\/urputnej.com\/index.php?rest_route=\/wp\/v2\/users\/1"}],"replies":[{"embeddable":true,"href":"https:\/\/urputnej.com\/index.php?rest_route=%2Fwp%2Fv2%2Fcomments&post=8"}],"version-history":[{"count":10,"href":"https:\/\/urputnej.com\/index.php?rest_route=\/wp\/v2\/pages\/8\/revisions"}],"predecessor-version":[{"id":96,"href":"https:\/\/urputnej.com\/index.php?rest_route=\/wp\/v2\/pages\/8\/revisions\/96"}],"wp:attachment":[{"href":"https:\/\/urputnej.com\/index.php?rest_route=%2Fwp%2Fv2%2Fmedia&parent=8"}],"curies":[{"name":"wp","href":"https:\/\/api.w.org\/{rel}","templated":true}]}}